{"id":3,"date":"2019-07-02T16:12:29","date_gmt":"2019-07-02T14:12:29","guid":{"rendered":"https:\/\/www.fineware.it\/str-srl.com\/?page_id=3"},"modified":"2020-02-19T17:00:16","modified_gmt":"2020-02-19T16:00:16","slug":"privacy-policy","status":"publish","type":"page","link":"https:\/\/www.strsrl.eu\/index.php\/businessx-front-page\/chi-siamo\/privacy-policy\/","title":{"rendered":"Privacy Policy"},"content":{"rendered":"\n<h2 class=\"wp-block-heading\">Informativa Privacy:<\/h2>\n\n\n\n<p>In osservanza del decreto legislativo 196\/2003 e del GDPR, di seguito sono riportate le informazioni in ordine alle finalit\u00e0 e modalit\u00e0 di trattamento dei Vs. dati personali, nonch\u00e9 l\u2019ambito di comunicazione e diffusione degli stessi, alla natura dei dati in nostro possesso e del loro conferimento.<\/p>\n\n\n\n<h3 class=\"wp-block-heading\">Finalit\u00e0 del trattamento<\/h3>\n\n\n\n<p>I dati personali sono raccolti al fine di provvedere agli adempimenti connessi all\u2019attivit\u00e0 economica dell\u2019azienda ed in particolare, a titolo esemplicativo, per adempimenti agli obblighi contrattuali (quali rapporti di fornitura, di vendita, mandati professionali nonch\u00e8 relative registrazioni e modifiche), adempimenti agli obblighi di legge (quali fatturazione, registrazioni e scritture contabili obbligatorie e dichiarazioni fiscali), richieste di informazioni economiche volte alla valutazione della solvibilit\u00e0 dell\u2019impresa e per le eventuali pratiche connesse alle insolvenze creditizie.<\/p>\n\n\n\n<h3 class=\"wp-block-heading\">Modalit\u00e0 di trattamento<\/h3>\n\n\n\n<p>I dati saranno trattati in forma manuale e\/o automatizzata ad opera di soggetti appositamente incaricati. Il trattamento avverr\u00e0 nel rispetto delle regole di riservatezza e sicurezza previste dal Codice. I dati saranno registrati, organizzati e conservati in archivi informatici e\/o cartacei e verranno aggiornati ogni volta che fosse necessario o richiesto.<br>Solo a seguito di esplicito consenso da manifestarsi nell&#8217;apposita check box, invece, potremo utilizzare i tuoi dati di contatto per ulteriori comunicazioni riguardanti i progetti e servizi di STR srl&nbsp; (es. promozioni, inviti ad eventi, webinar, ecc.)<br>I dati di contatto per l\u2019invio di comunicazioni e newsletter saranno conservati e utilizzati fino a quando non eserciterai il tuo diritto di Opt-Out richiedendo di non essere pi\u00f9 contattato, e comunque non oltre 5 anni dalla registrazione, dall&#8217;ultima richiesta o dalla modifica dei dati.<br>Assicuriamo che utilizzeremo i dati solo ed esclusivamente per inviare tali tipi d\u2019informazioni e l&#8217;utente&nbsp; potr\u00e0 cancellarsi in qualunque momento dalla nostra mailing list.<br>I dati necessari all&#8217;utilizzo dei prodotti STR&nbsp; saranno conservati per un periodo non superiore a 6 mesi e poi automaticamente distrutti o irreversibilmente anonimizzati all&#8217;interno dell\u2019applicazione e dei sistemi di conservazione cloud.<\/p>\n\n\n\n<h3 class=\"wp-block-heading\">Ambito della comunicazione e diffusione<\/h3>\n\n\n\n<p>I dati personali potranno essere comunicati\/diffusi a :<\/p>\n\n\n\n<ul class=\"wp-block-list\"><li>soggetti esterni (nazionali o esteri) che svolgono specifici incarichi per conto dell\u2019azienda (tenuta della contabilit\u00e0, bilanci, adempimenti fiscali, trasporto dei beni), agli incaricati presenti in azienda addetti alle attivit\u00e0 amministrative e commerciali, ad istituti bancari per la gestione di incassi e pagamenti derivanti dall\u2019esecuzione di contratti,<\/li><li>a soggetti che possono accedevi in forza di disposizione di legge,<\/li><\/ul>\n\n\n\n<p>I dati potrebbero essere impiegati in forma anonima ed aggregata per :<\/p>\n\n\n\n<ul class=\"wp-block-list\"><li>finalit\u00e0 operative e gestionali della Societ\u00e0 (a titolo esemplificativo si segnala l\u2019uso dei dati personali, in forma anonima e associata, finalizzato all\u2019elaborazione di studi, rilevazioni statistiche e di mercato);<\/li><li>la cessione dei dati personali a terzi interessati, finalizzata all\u2019elaborazione di studi, rilevazioni statistiche e di mercato..<\/li><\/ul>\n\n\n\n<p>Il sito utilizza i servizi di google Inc. per la rilevazione dell&#8217;utilizzo da parte degli utenti attivando l&#8217;opzione di anonimizzazione&nbsp;ga(&#8216;set&#8217;,&nbsp;&#8216;anonymizeIp&#8217;,&nbsp;true).<br>Non comunicheremo&nbsp; dati personali a terzi, n\u00e9 li diffonderemo in alcun modo e garantiamo che saranno trattati esclusivamente da nostro personale appositamente selezionato e a ci\u00f2 autorizzato<\/p>\n\n\n\n<h3 class=\"wp-block-heading\">Natura del conferimento<\/h3>\n\n\n\n<p>Il conferimento dei dati personali (quali ad esempio dati identificativi per clienti privati, Paritia I.V.A.\/codice fiscale e dati identificativi per clienti commerciali) \u00e8 obbligatorio, pertanto, pertanto la richiesta di fornitura e\/o collaborazione implica la manifestazione del consenso al trattamento di tali dati. Il rifiuto al conferimento dei dati comporta l\u2019oggettiva impossibilit\u00e0 di gestire regolarmente il rapporto.<\/p>\n\n\n\n<h3 class=\"wp-block-heading\">Diritti dell\u2019interessato<\/h3>\n\n\n\n<p>In ogni momento l&#8217;utente ha diritto, secondo quanto previsto dall\u2019art. 7 del Codice Privacy e dagli artt. da 15 a 22 del GDPR di richiedere al Titolare del trattamento:<\/p>\n\n\n\n<ul class=\"wp-block-list\"><li>l\u2019accesso, la rettifica e la cancellazione dei dati personali;<\/li><li>l\u2019aggiornamento ovvero quando vi hai interesse, l\u2019integrazione dei dati;<\/li><li>la trasformazione in forma anonima o il blocco dei dati trattati in violazione di legge, compresi quelli di cui non \u00e8 necessaria la conservazione in relazione agli scopi per i quali i dati sono stati raccolti o successivamente trattati;<\/li><li>la limitazione del trattamento dei dati che ti riguardano o di opporsi al loro trattamento;<\/li><li>di esercitare il diritto alla portabilit\u00e0 dei dati;<\/li><\/ul>\n\n\n\n<h3 class=\"wp-block-heading\">Titolare del trattamento :<\/h3>\n\n\n\n<p>S.T.R. s.r.l<\/p>\n\n\n\n<p>via Brancolo 5\/a<br> 33059 Fiumicello Villa Vicentina (UD) \u2013 Italia<\/p>\n\n\n\n<h3 class=\"wp-block-heading\">Cancellazione dei dati<\/h3>\n\n\n\n<p>L&#8217;utente pu\u00f2 chiedere di non ricevere pi\u00f9 comunicazioni ed essere cancellato dai nostri archivi semplicemente contattandoci&nbsp; ai seguenti recapiti:<\/p>\n\n\n\n<ul class=\"wp-block-list\"><li>Tel.: + 39 0431 968699<\/li><li>Email: info@strsrl.eu<\/li><\/ul>\n\n\n\n<h3 class=\"wp-block-heading\">Cookies<\/h3>\n\n\n\n<p>Questo sito utilizza esclusivamente cookie tecnici per scopi di manutenzione del sito stesso.<\/p>\n\n\n\n<h3 class=\"wp-block-heading\">Cancellazione dei cookies<\/h3>\n\n\n\n<p>Ricerca in <a rel=\"noreferrer noopener\" href=\"https:\/\/www.google.it\/webhp?sourceid=chrome-instant&amp;ion=1&amp;espv=2&amp;ie=UTF-8#q=cancellare%20cookies\" target=\"_blank\"> Internet<\/a> notizie su come rimuovere i cookies dal tuo dispositivo<\/p>\n","protected":false},"excerpt":{"rendered":"<p>Informativa Privacy: In osservanza del decreto legislativo 196\/2003 e del GDPR, di seguito sono riportate le informazioni in ordine alle finalit\u00e0 e modalit\u00e0 di trattamento dei Vs. dati personali, nonch\u00e9 l\u2019ambito di comunicazione e diffusione degli stessi, alla natura dei dati in nostro possesso e del loro conferimento. Finalit\u00e0 del trattamento I dati personali sono [&hellip;]<\/p>\n","protected":false},"author":1,"featured_media":160,"parent":37,"menu_order":0,"comment_status":"closed","ping_status":"open","template":"","meta":{"footnotes":""},"class_list":["post-3","page","type-page","status-publish","has-post-thumbnail","hentry","clearfix","post-index"],"jetpack_sharing_enabled":true,"_links":{"self":[{"href":"https:\/\/www.strsrl.eu\/index.php\/wp-json\/wp\/v2\/pages\/3","targetHints":{"allow":["GET"]}}],"collection":[{"href":"https:\/\/www.strsrl.eu\/index.php\/wp-json\/wp\/v2\/pages"}],"about":[{"href":"https:\/\/www.strsrl.eu\/index.php\/wp-json\/wp\/v2\/types\/page"}],"author":[{"embeddable":true,"href":"https:\/\/www.strsrl.eu\/index.php\/wp-json\/wp\/v2\/users\/1"}],"replies":[{"embeddable":true,"href":"https:\/\/www.strsrl.eu\/index.php\/wp-json\/wp\/v2\/comments?post=3"}],"version-history":[{"count":3,"href":"https:\/\/www.strsrl.eu\/index.php\/wp-json\/wp\/v2\/pages\/3\/revisions"}],"predecessor-version":[{"id":585,"href":"https:\/\/www.strsrl.eu\/index.php\/wp-json\/wp\/v2\/pages\/3\/revisions\/585"}],"up":[{"embeddable":true,"href":"https:\/\/www.strsrl.eu\/index.php\/wp-json\/wp\/v2\/pages\/37"}],"wp:featuredmedia":[{"embeddable":true,"href":"https:\/\/www.strsrl.eu\/index.php\/wp-json\/wp\/v2\/media\/160"}],"wp:attachment":[{"href":"https:\/\/www.strsrl.eu\/index.php\/wp-json\/wp\/v2\/media?parent=3"}],"curies":[{"name":"wp","href":"https:\/\/api.w.org\/{rel}","templated":true}]}}